{"id":3,"date":"2017-11-24T14:46:52","date_gmt":"2017-11-24T14:46:52","guid":{"rendered":"https:\/\/sunrisebagelsnw.com\/?page_id=3"},"modified":"2026-02-20T10:11:31","modified_gmt":"2026-02-20T18:11:31","slug":"buy","status":"publish","type":"page","link":"https:\/\/sunrisebagelsnw.com\/es\/buy\/","title":{"rendered":"Distributors"},"content":{"rendered":"<p class=\"wp-block-paragraph\">Si se encuentra en el rango de entrega o desea recoger, <a href=\"#contact\" data-type=\"internal\" data-id=\"#contact\">cont\u00e1ctenos<\/a> para consultar sobre un pedido.<\/p>\n\n\n\n<p class=\"wp-block-paragraph\">Sunrise se asocia con varios distribuidores de servicios de alimentos en el \u00e1rea metropolitana de Portland y m\u00e1s all\u00e1. Si est\u00e1 demasiado lejos para recoger o recibir una entrega, puede comprar nuestros productos a trav\u00e9s de:<\/p>\n\n\n\n<figure class=\"wp-block-table aligncenter is-style-stripes\"><table><tbody><tr><td class=\"has-text-align-right\" data-align=\"right\"><strong>Distribuidor<\/strong><\/td><td class=\"has-text-align-center\" data-align=\"center\"><strong>Email<\/strong><\/td><td class=\"has-text-align-center\" data-align=\"center\"><strong>N\u00famero de Tel\u00e9fono<\/strong><\/td><td class=\"has-text-align-center\" data-align=\"center\"><strong>Sitio Web<\/strong><\/td><\/tr><tr><td class=\"has-text-align-right\" data-align=\"right\">Harbor Foodservice<\/td><td class=\"has-text-align-center\" data-align=\"center\">sales@harborfoods.com<\/td><td class=\"has-text-align-center\" data-align=\"center\">(425)251-1376<\/td><td class=\"has-text-align-center\" data-align=\"center\"><a href=\"https:\/\/www.sysco.com\/Contact\/Contact\/Become-A-Customer.html\" data-type=\"URL\" data-id=\"https:\/\/www.sysco.com\/Contact\/Contact\/Become-A-Customer.html\">https:\/\/harborfoodservice.com<\/a>\/<\/td><\/tr><tr><td class=\"has-text-align-right\" data-align=\"right\">U. S. Foods<\/td><td class=\"has-text-align-center\" data-align=\"center\">Adam.Metzger@usfoods.com<\/td><td class=\"has-text-align-center\" data-align=\"center\">(503) 980-2500<\/td><td class=\"has-text-align-center\" data-align=\"center\"><a href=\"https:\/\/www.usfoods.com\/\" data-type=\"URL\" data-id=\"https:\/\/www.usfoods.com\/\">https:\/\/www.usfoods.com\/<\/a><\/td><\/tr><tr><td class=\"has-text-align-right\" data-align=\"right\">Graziano Foodservice<\/td><td class=\"has-text-align-center\" data-align=\"center\">info@grazianofoodservice.com<\/td><td class=\"has-text-align-center\" data-align=\"center\">(503)236-8207<\/td><td class=\"has-text-align-center\" data-align=\"center\"><a href=\"https:\/\/harvestfooddistributors.com\/\" data-type=\"URL\" data-id=\"https:\/\/harvestfooddistributors.com\/\">https:\/\/harvestfooddistributors.com\/<\/a><\/td><\/tr><tr><td class=\"has-text-align-right\" data-align=\"right\">Vern&#8217;s Foodservice<\/td><td class=\"has-text-align-center\" data-align=\"center\">customerservice@vernsfoodservice.com<\/td><td class=\"has-text-align-center\" data-align=\"center\">(800) 658 &#8211; 3893<\/td><td class=\"has-text-align-center\" data-align=\"center\"><a href=\"http:\/\/vernsfoodservice.com\/index.html\" data-type=\"URL\" data-id=\"http:\/\/vernsfoodservice.com\/index.html\">http:\/\/vernsfoodservice.com\/index.html<\/a><\/td><\/tr><tr><td class=\"has-text-align-right\" data-align=\"right\">Cash-Wa Distr.<\/td><td class=\"has-text-align-center\" data-align=\"center\">customerservice@cashwa.com<\/td><td class=\"has-text-align-center\" data-align=\"center\">(308)237-3151<\/td><td class=\"has-text-align-center\" data-align=\"center\"><a href=\"https:\/\/web.cashwa.com\/\" data-type=\"URL\" data-id=\"https:\/\/web.cashwa.com\/\">https:\/\/web.cashwa.com\/<\/a><\/td><\/tr><tr><td class=\"has-text-align-right\" data-align=\"right\">Aloha Produce<\/td><td class=\"has-text-align-center\" data-align=\"center\">sales@alohaproduce.com<\/td><td class=\"has-text-align-center\" data-align=\"center\">(503)239-0300<\/td><td class=\"has-text-align-center\" data-align=\"center\"><a href=\"https:\/\/www.alohaproduce.com\/\" data-type=\"URL\" data-id=\"https:\/\/www.alohaproduce.com\/\">https:\/\/www.alohaproduce.com\/<\/a><\/td><\/tr><tr><td class=\"has-text-align-right\" data-align=\"right\">SteoBo&#8217;s Foodservice<\/td><td class=\"has-text-align-center\" data-align=\"center\">stebosfoods@live.com<\/td><td class=\"has-text-align-center\" data-align=\"center\">(360)573-0333<\/td><td class=\"has-text-align-center\" data-align=\"center\"><a href=\"https:\/\/www.stebosfoods.com\/\">https:\/\/www.stebosfoods.com\/<\/a><\/td><\/tr><tr><td class=\"has-text-align-right\" data-align=\"right\"><\/td><td class=\"has-text-align-center\" data-align=\"center\"><\/td><td class=\"has-text-align-center\" data-align=\"center\"><\/td><td class=\"has-text-align-center\" data-align=\"center\"><\/td><\/tr><tr><td class=\"has-text-align-right\" data-align=\"right\"><\/td><td class=\"has-text-align-center\" data-align=\"center\"><\/td><td class=\"has-text-align-center\" data-align=\"center\"><\/td><td class=\"has-text-align-center\" data-align=\"center\"><\/td><\/tr><\/tbody><\/table><\/figure>\n\n\n\n<hr class=\"wp-block-separator has-text-color has-dark-gray-color has-css-opacity has-dark-gray-background-color has-background is-style-wide\"\/>\n\n\n\n<h2 id=\"contact\" class=\"wp-block-heading\">Opciones de Contacto<\/h2>\n\n\n\n<p class=\"wp-block-paragraph\">Si desea realizar un pedido para que lo recojan, nuestra direcci\u00f3n es: 808 Harney St. Vancouver, WA 98660. Estamos abiertos de 4:30 a.m. a 11 a.m. de lunes a s\u00e1bado.<\/p>\n\n\n\n<div class=\"wp-block-jetpack-map is-style-default\" data-map-id=\"jp-map-1\" data-map-provider=\"mapkit\" data-api-key=\"pk.eyJ1IjoiYXV0b21hdHRpYyIsImEiOiJjazVpZjA5aWswYTFvM21sOWtzNW1rNG9lIn0.Gu-sp4wRxnnQB-Qa8CpuZQ\" data-map-style=\"default\" data-blog-id=\"139082714\"><ul><li><a href=\"https:\/\/www.google.com\/maps\/search\/?api=1&amp;query=45.627943,-122.679661\">Harney Street<\/a><\/li><\/ul><\/div>\n\n\n\n<p class=\"wp-block-paragraph\">Tenga en cuenta: Nuestro horario de procesamiento de pedidos es de 4:30 a.m. a 11 a.m. Los pedidos realizados despu\u00e9s de las 11 a. M. No se procesar\u00e1n hasta el siguiente d\u00eda h\u00e1bil. Si desea que su pedido est\u00e9 fresco, le pedimos que realice el pedido al menos 2 d\u00edas antes de la hora de recogida para que haya tiempo suficiente para hacer la masa. Tambi\u00e9n tenga en cuenta que SOLO BAGELS se pueden preparar frescos, los productos especiales se congelar\u00e1n.<\/p>\n\n\n\n<div class=\"wp-block-contact-form-7-contact-form-selector\">\n<div class=\"wpcf7 no-js\" id=\"wpcf7-f8333-o1\" lang=\"en-US\" dir=\"ltr\" data-wpcf7-id=\"8333\">\n<div class=\"screen-reader-response\"><p role=\"status\" aria-live=\"polite\" aria-atomic=\"true\"><\/p> <ul><\/ul><\/div>\n<form action=\"\/es\/wp-json\/wp\/v2\/pages\/3#wpcf7-f8333-o1\" method=\"post\" class=\"wpcf7-form init\" aria-label=\"Contact form\" novalidate=\"novalidate\" data-status=\"init\" data-trp-original-action=\"\/es\/wp-json\/wp\/v2\/pages\/3#wpcf7-f8333-o1\">\n<fieldset class=\"hidden-fields-container\"><input type=\"hidden\" name=\"_wpcf7\" value=\"8333\" \/><input type=\"hidden\" name=\"_wpcf7_version\" value=\"6.1.5\" \/><input type=\"hidden\" name=\"_wpcf7_locale\" value=\"en_US\" \/><input type=\"hidden\" name=\"_wpcf7_unit_tag\" value=\"wpcf7-f8333-o1\" \/><input type=\"hidden\" name=\"_wpcf7_container_post\" value=\"0\" \/><input type=\"hidden\" name=\"_wpcf7_posted_data_hash\" value=\"\" \/>\n<\/fieldset>\n<p><label> Tu Nombre<br \/>\n<span class=\"wpcf7-form-control-wrap\" data-name=\"your-name\"><input size=\"40\" maxlength=\"400\" class=\"wpcf7-form-control wpcf7-text wpcf7-validates-as-required\" aria-required=\"true\" aria-invalid=\"false\" value=\"\" type=\"text\" name=\"your-name\" \/><\/span> <\/label>\n<\/p>\n<p><label> Tu Email<br \/>\n<span class=\"wpcf7-form-control-wrap\" data-name=\"your-email\"><input size=\"40\" maxlength=\"400\" class=\"wpcf7-form-control wpcf7-email wpcf7-validates-as-required wpcf7-text wpcf7-validates-as-email\" aria-required=\"true\" aria-invalid=\"false\" value=\"\" type=\"email\" name=\"your-email\" \/><\/span> <\/label>\n<\/p>\n<p><label> N\u00famero de Tel\u00e9fono<br \/>\n<span class=\"wpcf7-form-control-wrap\" data-name=\"tel-297\"><input size=\"40\" maxlength=\"400\" class=\"wpcf7-form-control wpcf7-tel wpcf7-text wpcf7-validates-as-tel\" aria-invalid=\"false\" value=\"\" type=\"tel\" name=\"tel-297\" \/><\/span> <\/label>\n<\/p>\n<p><label> Sujeto<br \/>\n<span class=\"wpcf7-form-control-wrap\" data-name=\"your-subject\"><input size=\"40\" maxlength=\"400\" class=\"wpcf7-form-control wpcf7-text wpcf7-validates-as-required\" aria-required=\"true\" aria-invalid=\"false\" value=\"\" type=\"text\" name=\"your-subject\" \/><\/span> <\/label>\n<\/p>\n<p><label> Tu mensaje (opcional)<br \/>\n<span class=\"wpcf7-form-control-wrap\" data-name=\"your-message\"><textarea cols=\"40\" rows=\"10\" maxlength=\"2000\" class=\"wpcf7-form-control wpcf7-textarea\" aria-invalid=\"false\" name=\"your-message\"><\/textarea><\/span> <\/label>\n<\/p>\n<p><input class=\"wpcf7-form-control wpcf7-submit has-spinner\" type=\"submit\" value=\"Enviar\" \/>\n<\/p><p style=\"display: none !important;\" class=\"akismet-fields-container\" data-prefix=\"_wpcf7_ak_\"><label>&#916;<textarea name=\"_wpcf7_ak_hp_textarea\" cols=\"45\" rows=\"8\" maxlength=\"100\"><\/textarea><\/label><input type=\"hidden\" id=\"ak_js_1\" name=\"_wpcf7_ak_js\" value=\"41\"\/><script>document.getElementById( \"ak_js_1\" ).setAttribute( \"value\", ( new Date() ).getTime() );<\/script><\/p><div class=\"wpcf7-response-output\" aria-hidden=\"true\"><\/div>\n<input type=\"hidden\" name=\"trp-form-language\" value=\"es\"\/><\/form>\n<\/div>\n<\/div>","protected":false},"excerpt":{"rendered":"<p>If you are in delivery range or would like to pick up, please contact us to inquire about an order. Sunrise partners with a number of food service distributors around the Portland Metro area and beyond. If you are too far away to pick up or receive a delivery, you can buy our products through:&#8230; <\/p>\n<div class=\"link-more\"><a href=\"https:\/\/sunrisebagelsnw.com\/es\/buy\/\">Read More<\/a><\/div>","protected":false},"author":1,"featured_media":0,"parent":0,"menu_order":3,"comment_status":"closed","ping_status":"closed","template":"","meta":{"_coblocks_attr":"","_coblocks_dimensions":"","_coblocks_responsive_height":"","_coblocks_accordion_ie_support":"","_crdt_document":"","footnotes":""},"class_list":["post-3","page","type-page","status-publish","hentry"],"jetpack_sharing_enabled":false,"jetpack_shortlink":"https:\/\/wp.me\/P9pzLA-3","jetpack_likes_enabled":null,"_links":{"self":[{"href":"https:\/\/sunrisebagelsnw.com\/es\/wp-json\/wp\/v2\/pages\/3","targetHints":{"allow":["GET"]}}],"collection":[{"href":"https:\/\/sunrisebagelsnw.com\/es\/wp-json\/wp\/v2\/pages"}],"about":[{"href":"https:\/\/sunrisebagelsnw.com\/es\/wp-json\/wp\/v2\/types\/page"}],"author":[{"embeddable":true,"href":"https:\/\/sunrisebagelsnw.com\/es\/wp-json\/wp\/v2\/users\/1"}],"replies":[{"embeddable":true,"href":"https:\/\/sunrisebagelsnw.com\/es\/wp-json\/wp\/v2\/comments?post=3"}],"version-history":[{"count":18,"href":"https:\/\/sunrisebagelsnw.com\/es\/wp-json\/wp\/v2\/pages\/3\/revisions"}],"predecessor-version":[{"id":11728,"href":"https:\/\/sunrisebagelsnw.com\/es\/wp-json\/wp\/v2\/pages\/3\/revisions\/11728"}],"wp:attachment":[{"href":"https:\/\/sunrisebagelsnw.com\/es\/wp-json\/wp\/v2\/media?parent=3"}],"curies":[{"name":"wp","href":"https:\/\/api.w.org\/{rel}","templated":true}]}}